{"id":540,"date":"2022-10-04T12:47:40","date_gmt":"2022-10-04T10:47:40","guid":{"rendered":"https:\/\/www.lesch24.de\/web\/?page_id=540"},"modified":"2023-01-27T08:26:22","modified_gmt":"2023-01-27T07:26:22","slug":"flaschengas","status":"publish","type":"page","link":"https:\/\/www.lesch24.de\/web\/flaschengas\/","title":{"rendered":"Flaschengas"},"content":{"rendered":"\n<div class=\"wp-block-cover alignfull is-style-default\" style=\"min-height:800px;aspect-ratio:unset;\"><span aria-hidden=\"true\" class=\"wp-block-cover__background has-background-dim-60 has-background-dim\"><\/span><img loading=\"lazy\" decoding=\"async\" width=\"1920\" height=\"1440\" class=\"wp-block-cover__image-background wp-image-1047\" alt=\"\" src=\"https:\/\/www.lesch24.de\/web\/wp-content\/uploads\/2023\/01\/gas-g54ef0b856_1920.jpg\" data-object-fit=\"cover\" sizes=\"(max-width: 799px) 200vw,(max-width: 1920px) 100vw,1920px\" srcset=\"https:\/\/www.lesch24.de\/web\/wp-content\/uploads\/2023\/01\/gas-g54ef0b856_1920.jpg 1920w, https:\/\/www.lesch24.de\/web\/wp-content\/uploads\/2023\/01\/gas-g54ef0b856_1920-300x225.jpg 300w, https:\/\/www.lesch24.de\/web\/wp-content\/uploads\/2023\/01\/gas-g54ef0b856_1920-1024x768.jpg 1024w, https:\/\/www.lesch24.de\/web\/wp-content\/uploads\/2023\/01\/gas-g54ef0b856_1920-768x576.jpg 768w, https:\/\/www.lesch24.de\/web\/wp-content\/uploads\/2023\/01\/gas-g54ef0b856_1920-1536x1152.jpg 1536w, https:\/\/www.lesch24.de\/web\/wp-content\/uploads\/2023\/01\/gas-g54ef0b856_1920-1568x1176.jpg 1568w, https:\/\/www.lesch24.de\/web\/wp-content\/uploads\/2023\/01\/gas-g54ef0b856_1920-600x450.jpg 600w\" \/><div class=\"wp-block-cover__inner-container is-layout-flow wp-block-cover-is-layout-flow\">\n<h2 class=\"alignwide has-text-align-left has-text-color has-huge-font-size wp-block-heading\" style=\"color:#ffe074\">Flaschengas<\/h2>\n\n\n\n<div class=\"wp-block-columns is-style-twentytwentyone-columns-overlap is-layout-flex wp-container-core-columns-is-layout-2 wp-block-columns-is-layout-flex\">\n<div class=\"wp-block-column is-layout-flow wp-block-column-is-layout-flow\" style=\"--col-width:100%;flex-basis:100%\">\n<div class=\"wp-block-columns is-layout-flex wp-container-core-columns-is-layout-1 wp-block-columns-is-layout-flex\">\n<div class=\"wp-block-column is-layout-flow wp-block-column-is-layout-flow\" style=\"--col-width:100%;--col-width:100%;flex-basis:100%\">\n<h2 class=\"wp-block-heading\">F\u00fcr Camping oder zuhause<\/h2>\n<\/div>\n<\/div>\n\n\n\n<p class=\"has-text-color\" style=\"color:#ffe074\">Flaschengas-Angebote im Saarland &#8211; Raimund Lesch KG<\/p>\n<\/div>\n<\/div>\n<\/div><\/div>\n\n\n\n<p>Ob f\u00fcr den privaten Gebrauch oder im Profieinsatz.<br>Bei uns k\u00f6nnen Sie Propangas in 5, 11 und 33kg beziehen.<\/p>\n\n\n\n<p>Die Flaschen unterscheiden sich in 11kg und 33kg Pfandflaschen<br>und 5kg oder 11kg Eigentumsflaschen.<br>W\u00e4hrend bei Vollpfandflaschen das Pfand zur\u00fcckerstattet<br>wird, geht die Eigentumsflasche in den Besitz des K\u00e4ufers<br>f\u00fcr immer \u00fcber. Daf\u00fcr lassen sich Eigentumsflaschen in<br>ganz Deutschland f\u00fcllen, bzw. tauschen, Pfandflaschen<br>dagegen nur bei einem Vertragsh\u00e4ndler, der die Marke<br>der Flasche vertritt.<br>Wir f\u00fchren Flaschen der Marke &#8222;Drachengas&#8220;.<\/p>\n","protected":false},"excerpt":{"rendered":"<p>Ob f\u00fcr den privaten Gebrauch oder im Profieinsatz.Bei uns k\u00f6nnen Sie Propangas in 5, 11 und 33kg beziehen. Die Flaschen unterscheiden sich in 11kg und 33kg Pfandflaschenund 5kg oder 11kg Eigentumsflaschen.W\u00e4hrend bei Vollpfandflaschen das Pfand zur\u00fcckerstattetwird, geht die Eigentumsflasche in den Besitz des K\u00e4ufersf\u00fcr immer \u00fcber. Daf\u00fcr lassen sich Eigentumsflaschen inganz Deutschland f\u00fcllen, bzw. tauschen,&hellip; <a class=\"more-link\" href=\"https:\/\/www.lesch24.de\/web\/flaschengas\/\"><span class=\"screen-reader-text\">Flaschengas<\/span> weiterlesen<\/a><\/p>\n","protected":false},"author":1,"featured_media":0,"parent":0,"menu_order":0,"comment_status":"closed","ping_status":"closed","template":"tw-no-title.php","meta":{"footnotes":""},"_links":{"self":[{"href":"https:\/\/www.lesch24.de\/web\/wp-json\/wp\/v2\/pages\/540"}],"collection":[{"href":"https:\/\/www.lesch24.de\/web\/wp-json\/wp\/v2\/pages"}],"about":[{"href":"https:\/\/www.lesch24.de\/web\/wp-json\/wp\/v2\/types\/page"}],"author":[{"embeddable":true,"href":"https:\/\/www.lesch24.de\/web\/wp-json\/wp\/v2\/users\/1"}],"replies":[{"embeddable":true,"href":"https:\/\/www.lesch24.de\/web\/wp-json\/wp\/v2\/comments?post=540"}],"version-history":[{"count":4,"href":"https:\/\/www.lesch24.de\/web\/wp-json\/wp\/v2\/pages\/540\/revisions"}],"predecessor-version":[{"id":1049,"href":"https:\/\/www.lesch24.de\/web\/wp-json\/wp\/v2\/pages\/540\/revisions\/1049"}],"wp:attachment":[{"href":"https:\/\/www.lesch24.de\/web\/wp-json\/wp\/v2\/media?parent=540"}],"curies":[{"name":"wp","href":"https:\/\/api.w.org\/{rel}","templated":true}]}}