{"id":528,"date":"2022-10-04T12:39:45","date_gmt":"2022-10-04T10:39:45","guid":{"rendered":"https:\/\/www.lesch24.de\/web\/?page_id=528"},"modified":"2022-10-04T12:40:57","modified_gmt":"2022-10-04T10:40:57","slug":"reinigung-pflege","status":"publish","type":"page","link":"https:\/\/www.lesch24.de\/web\/reinigung-pflege\/","title":{"rendered":"Reinigung &amp; Pflege"},"content":{"rendered":"\n<div class=\"wp-block-cover alignfull is-style-default\" style=\"min-height:800px;aspect-ratio:unset;\"><span aria-hidden=\"true\" class=\"wp-block-cover__background has-background-dim-60 has-background-dim\"><\/span><img loading=\"lazy\" decoding=\"async\" width=\"1920\" height=\"1080\" class=\"wp-block-cover__image-background wp-image-484\" alt=\"\" src=\"https:\/\/www.lesch24.de\/web\/wp-content\/uploads\/2022\/10\/Lesch-KG-Baumarkt-Saarland.jpg\" data-object-fit=\"cover\" sizes=\"(max-width: 799px) 200vw,(max-width: 1920px) 100vw,1920px\" srcset=\"https:\/\/www.lesch24.de\/web\/wp-content\/uploads\/2022\/10\/Lesch-KG-Baumarkt-Saarland.jpg 1920w, https:\/\/www.lesch24.de\/web\/wp-content\/uploads\/2022\/10\/Lesch-KG-Baumarkt-Saarland-600x338.jpg 600w, https:\/\/www.lesch24.de\/web\/wp-content\/uploads\/2022\/10\/Lesch-KG-Baumarkt-Saarland-300x169.jpg 300w, https:\/\/www.lesch24.de\/web\/wp-content\/uploads\/2022\/10\/Lesch-KG-Baumarkt-Saarland-1024x576.jpg 1024w, https:\/\/www.lesch24.de\/web\/wp-content\/uploads\/2022\/10\/Lesch-KG-Baumarkt-Saarland-768x432.jpg 768w, https:\/\/www.lesch24.de\/web\/wp-content\/uploads\/2022\/10\/Lesch-KG-Baumarkt-Saarland-1536x864.jpg 1536w, https:\/\/www.lesch24.de\/web\/wp-content\/uploads\/2022\/10\/Lesch-KG-Baumarkt-Saarland-1568x882.jpg 1568w\" \/><div class=\"wp-block-cover__inner-container is-layout-flow wp-block-cover-is-layout-flow\">\n<h2 class=\"alignwide has-text-align-left has-text-color has-huge-font-size wp-block-heading\" style=\"color:#ffe074\">Reinigung &amp; Pflege<\/h2>\n\n\n\n<div class=\"wp-block-columns is-style-twentytwentyone-columns-overlap is-layout-flex wp-container-core-columns-is-layout-2 wp-block-columns-is-layout-flex\">\n<div class=\"wp-block-column is-layout-flow wp-block-column-is-layout-flow\" style=\"--col-width:100%;flex-basis:100%\">\n<div class=\"wp-block-columns is-layout-flex wp-container-core-columns-is-layout-1 wp-block-columns-is-layout-flex\">\n<div class=\"wp-block-column is-layout-flow wp-block-column-is-layout-flow\" style=\"--col-width:100%;--col-width:100%;flex-basis:100%\">\n<h2 class=\"wp-block-heading\">Gutes Bauen braucht gutes Werkzeug! Wir haben es!<\/h2>\n<\/div>\n<\/div>\n\n\n\n<p class=\"has-text-color\" style=\"color:#ffe074\">Baumarkt im Saarland &#8211; Raimund Lesch KG<\/p>\n<\/div>\n<\/div>\n<\/div><\/div>\n\n\n\n<h2 class=\"wp-block-heading\">Die Umwelt liegt uns am Herzen<\/h2>\n\n\n\n<p>Wir lassen Ihr Haus im neuen Glanz erscheinen. M\u00fchsames Entfernen von Moos und gr\u00fcnen Bel\u00e4gen geh\u00f6rt der Vergangenheit an.&nbsp;<strong><\/strong><\/p>\n\n\n\n<p><strong>Umweltschonend und einfach in der Handhabung.<\/strong><\/p>\n\n\n\n<p>Mit einer anschlie\u00dfenden Impr\u00e4gnierung bleibt der neue Glanz lange erhalten.&nbsp;<\/p>\n\n\n\n<ul><li>Betonreiniger<\/li><li>Holzreinigung<\/li><li>Gr\u00fcnbelagentfernung<\/li><li>Steinimpr\u00e4gnierung<\/li><li>Steinveredelung<\/li><\/ul>\n","protected":false},"excerpt":{"rendered":"<p>Die Umwelt liegt uns am Herzen Wir lassen Ihr Haus im neuen Glanz erscheinen. M\u00fchsames Entfernen von Moos und gr\u00fcnen Bel\u00e4gen geh\u00f6rt der Vergangenheit an.&nbsp; Umweltschonend und einfach in der Handhabung. Mit einer anschlie\u00dfenden Impr\u00e4gnierung bleibt der neue Glanz lange erhalten.&nbsp; Betonreiniger Holzreinigung Gr\u00fcnbelagentfernung Steinimpr\u00e4gnierung Steinveredelung<\/p>\n","protected":false},"author":1,"featured_media":0,"parent":0,"menu_order":0,"comment_status":"closed","ping_status":"closed","template":"tw-no-title.php","meta":{"footnotes":""},"_links":{"self":[{"href":"https:\/\/www.lesch24.de\/web\/wp-json\/wp\/v2\/pages\/528"}],"collection":[{"href":"https:\/\/www.lesch24.de\/web\/wp-json\/wp\/v2\/pages"}],"about":[{"href":"https:\/\/www.lesch24.de\/web\/wp-json\/wp\/v2\/types\/page"}],"author":[{"embeddable":true,"href":"https:\/\/www.lesch24.de\/web\/wp-json\/wp\/v2\/users\/1"}],"replies":[{"embeddable":true,"href":"https:\/\/www.lesch24.de\/web\/wp-json\/wp\/v2\/comments?post=528"}],"version-history":[{"count":2,"href":"https:\/\/www.lesch24.de\/web\/wp-json\/wp\/v2\/pages\/528\/revisions"}],"predecessor-version":[{"id":530,"href":"https:\/\/www.lesch24.de\/web\/wp-json\/wp\/v2\/pages\/528\/revisions\/530"}],"wp:attachment":[{"href":"https:\/\/www.lesch24.de\/web\/wp-json\/wp\/v2\/media?parent=528"}],"curies":[{"name":"wp","href":"https:\/\/api.w.org\/{rel}","templated":true}]}}