{"id":488,"date":"2022-10-04T11:54:33","date_gmt":"2022-10-04T09:54:33","guid":{"rendered":"https:\/\/www.lesch24.de\/web\/?page_id=488"},"modified":"2022-10-04T11:58:53","modified_gmt":"2022-10-04T09:58:53","slug":"werkzeug","status":"publish","type":"page","link":"https:\/\/www.lesch24.de\/web\/werkzeug\/","title":{"rendered":"Werkzeug"},"content":{"rendered":"\n<div class=\"wp-block-cover alignfull is-style-default\" style=\"min-height:800px;aspect-ratio:unset;\"><span aria-hidden=\"true\" class=\"wp-block-cover__background has-background-dim-60 has-background-dim\"><\/span><img loading=\"lazy\" decoding=\"async\" width=\"1920\" height=\"1080\" class=\"wp-block-cover__image-background wp-image-484\" alt=\"\" src=\"https:\/\/www.lesch24.de\/web\/wp-content\/uploads\/2022\/10\/Lesch-KG-Baumarkt-Saarland.jpg\" data-object-fit=\"cover\" sizes=\"(max-width: 799px) 200vw,(max-width: 1920px) 100vw,1920px\" srcset=\"https:\/\/www.lesch24.de\/web\/wp-content\/uploads\/2022\/10\/Lesch-KG-Baumarkt-Saarland.jpg 1920w, https:\/\/www.lesch24.de\/web\/wp-content\/uploads\/2022\/10\/Lesch-KG-Baumarkt-Saarland-600x338.jpg 600w, https:\/\/www.lesch24.de\/web\/wp-content\/uploads\/2022\/10\/Lesch-KG-Baumarkt-Saarland-300x169.jpg 300w, https:\/\/www.lesch24.de\/web\/wp-content\/uploads\/2022\/10\/Lesch-KG-Baumarkt-Saarland-1024x576.jpg 1024w, https:\/\/www.lesch24.de\/web\/wp-content\/uploads\/2022\/10\/Lesch-KG-Baumarkt-Saarland-768x432.jpg 768w, https:\/\/www.lesch24.de\/web\/wp-content\/uploads\/2022\/10\/Lesch-KG-Baumarkt-Saarland-1536x864.jpg 1536w, https:\/\/www.lesch24.de\/web\/wp-content\/uploads\/2022\/10\/Lesch-KG-Baumarkt-Saarland-1568x882.jpg 1568w\" \/><div class=\"wp-block-cover__inner-container is-layout-flow wp-block-cover-is-layout-flow\">\n<h2 class=\"alignwide has-text-align-left has-text-color has-huge-font-size wp-block-heading\" style=\"color:#ffe074\">Werkzeug<\/h2>\n\n\n\n<div class=\"wp-block-columns is-style-twentytwentyone-columns-overlap is-layout-flex wp-container-core-columns-is-layout-2 wp-block-columns-is-layout-flex\">\n<div class=\"wp-block-column is-layout-flow wp-block-column-is-layout-flow\" style=\"--col-width:100%;flex-basis:100%\">\n<div class=\"wp-block-columns is-layout-flex wp-container-core-columns-is-layout-1 wp-block-columns-is-layout-flex\">\n<div class=\"wp-block-column is-layout-flow wp-block-column-is-layout-flow\" style=\"--col-width:100%;--col-width:100%;flex-basis:100%\">\n<h2 class=\"wp-block-heading\">Gutes Bauen braucht gutes Werkzeug! Wir haben es!<\/h2>\n<\/div>\n<\/div>\n\n\n\n<p class=\"has-text-color\" style=\"color:#ffe074\">Ihr Baumarkt im Saarland &#8211; Raimund Lesch KG<\/p>\n<\/div>\n<\/div>\n<\/div><\/div>\n\n\n\n<h2 class=\"wp-block-heading\">Stark in Sachen Werkzeug<\/h2>\n\n\n\n<p>Der Begriff sagt alles: Handwerkzeug wird vom Hobby- und Profihandwerker mit eigener Muskelkraft bedient. Umso wichtiger sind Ergonomie und Gewicht f\u00fcr eine schonende Handhabung, erst recht, wenn Sie als Profi den ganzen Tag mit dem Werkzeug arbeiten. Auch die Qualit\u00e4t kommt bei uns nicht zu kurz und das bei einem optimalen&nbsp;Preis-Leistungsverh\u00e4ltnis.<\/p>\n\n\n\n<p>In unserem Sortiment finden Sie Werkzeuge f\u00fcr alle Berufssparten, vom Maurer, Gipser, Dachdecker, Fliesenleger, Maler &amp; Lackierer, bis zum Hobbyg\u00e4rtner.<\/p>\n\n\n\n<h2 class=\"wp-block-heading\">Qualit\u00e4t und Zuverl\u00e4ssigkeit<\/h2>\n\n\n\n<p>Um Ihnen in vielen Bereichen das Leben leichter zu machen, bieten wir elektrische und elektronische Maschinen von Makita an. Makita, ein f\u00fchrender Hersteller von akkubetriebenen Baumaschinen, besticht durch seine Qualit\u00e4t und Zuverl\u00e4ssigkeit. Wir f\u00fchren das komplette Sortiment, ob mit oder ohne Kabel und bieten daneben auch einen Reparaturservice von Makitamaschinen an.<\/p>\n\n\n\n<p>Fragen Sie unser Fachpersonal oder besuchen Sie unseren Fachmarkt, um sich selbst von der Qualit\u00e4t der Akkuger\u00e4te zu \u00fcberzeugen. Und f\u00fcr die &#8222;ganz schweren Jungs&#8220; gibt&#8217;s auch richtig schwere Maschinen!<\/p>\n\n\n\n<figure class=\"wp-block-gallery has-nested-images columns-default is-cropped wp-block-gallery-1 is-layout-flex wp-block-gallery-is-layout-flex\">\n<figure class=\"wp-block-image size-large\"><img loading=\"lazy\" decoding=\"async\" width=\"448\" height=\"299\" data-id=\"491\" src=\"https:\/\/www.lesch24.de\/web\/wp-content\/uploads\/2022\/10\/image-27.jpeg\" alt=\"\" class=\"wp-image-491\" srcset=\"https:\/\/www.lesch24.de\/web\/wp-content\/uploads\/2022\/10\/image-27.jpeg 448w, https:\/\/www.lesch24.de\/web\/wp-content\/uploads\/2022\/10\/image-27-300x200.jpeg 300w\" sizes=\"(max-width: 448px) 100vw, 448px\" \/><\/figure>\n\n\n\n<figure class=\"wp-block-image size-large\"><img loading=\"lazy\" decoding=\"async\" width=\"448\" height=\"299\" data-id=\"492\" src=\"https:\/\/www.lesch24.de\/web\/wp-content\/uploads\/2022\/10\/image-28.jpeg\" alt=\"\" class=\"wp-image-492\" srcset=\"https:\/\/www.lesch24.de\/web\/wp-content\/uploads\/2022\/10\/image-28.jpeg 448w, https:\/\/www.lesch24.de\/web\/wp-content\/uploads\/2022\/10\/image-28-300x200.jpeg 300w\" sizes=\"(max-width: 448px) 100vw, 448px\" \/><\/figure>\n<\/figure>\n","protected":false},"excerpt":{"rendered":"<p>Stark in Sachen Werkzeug Der Begriff sagt alles: Handwerkzeug wird vom Hobby- und Profihandwerker mit eigener Muskelkraft bedient. Umso wichtiger sind Ergonomie und Gewicht f\u00fcr eine schonende Handhabung, erst recht, wenn Sie als Profi den ganzen Tag mit dem Werkzeug arbeiten. Auch die Qualit\u00e4t kommt bei uns nicht zu kurz und das bei einem optimalen&nbsp;Preis-Leistungsverh\u00e4ltnis.&hellip; <a class=\"more-link\" href=\"https:\/\/www.lesch24.de\/web\/werkzeug\/\"><span class=\"screen-reader-text\">Werkzeug<\/span> weiterlesen<\/a><\/p>\n","protected":false},"author":1,"featured_media":0,"parent":0,"menu_order":0,"comment_status":"closed","ping_status":"closed","template":"tw-no-title.php","meta":{"footnotes":""},"_links":{"self":[{"href":"https:\/\/www.lesch24.de\/web\/wp-json\/wp\/v2\/pages\/488"}],"collection":[{"href":"https:\/\/www.lesch24.de\/web\/wp-json\/wp\/v2\/pages"}],"about":[{"href":"https:\/\/www.lesch24.de\/web\/wp-json\/wp\/v2\/types\/page"}],"author":[{"embeddable":true,"href":"https:\/\/www.lesch24.de\/web\/wp-json\/wp\/v2\/users\/1"}],"replies":[{"embeddable":true,"href":"https:\/\/www.lesch24.de\/web\/wp-json\/wp\/v2\/comments?post=488"}],"version-history":[{"count":3,"href":"https:\/\/www.lesch24.de\/web\/wp-json\/wp\/v2\/pages\/488\/revisions"}],"predecessor-version":[{"id":495,"href":"https:\/\/www.lesch24.de\/web\/wp-json\/wp\/v2\/pages\/488\/revisions\/495"}],"wp:attachment":[{"href":"https:\/\/www.lesch24.de\/web\/wp-json\/wp\/v2\/media?parent=488"}],"curies":[{"name":"wp","href":"https:\/\/api.w.org\/{rel}","templated":true}]}}