{"id":365,"date":"2021-11-17T19:31:35","date_gmt":"2021-11-17T18:31:35","guid":{"rendered":"https:\/\/www.lesch24.de\/web\/?page_id=365"},"modified":"2021-11-17T19:36:04","modified_gmt":"2021-11-17T18:36:04","slug":"zusatzstoffe","status":"publish","type":"page","link":"https:\/\/www.lesch24.de\/web\/zusatzstoffe\/","title":{"rendered":"Zusatzstoffe"},"content":{"rendered":"\n<div class=\"wp-block-cover alignfull has-background-dim-60 has-background-dim is-style-default\" style=\"min-height:800px;aspect-ratio:unset;\"><img loading=\"lazy\" decoding=\"async\" width=\"1920\" height=\"1280\" class=\"wp-block-cover__image-background wp-image-369\" alt=\"\" src=\"https:\/\/www.lesch24.de\/web\/wp-content\/uploads\/2021\/11\/Heizo\u0308l-Zusatzstoffe.jpg\" data-object-fit=\"cover\" sizes=\"(max-width: 799px) 200vw,(max-width: 1920px) 100vw,1920px\" srcset=\"https:\/\/www.lesch24.de\/web\/wp-content\/uploads\/2021\/11\/Heizo\u0308l-Zusatzstoffe.jpg 1920w, https:\/\/www.lesch24.de\/web\/wp-content\/uploads\/2021\/11\/Heizo\u0308l-Zusatzstoffe-600x400.jpg 600w, https:\/\/www.lesch24.de\/web\/wp-content\/uploads\/2021\/11\/Heizo\u0308l-Zusatzstoffe-300x200.jpg 300w, https:\/\/www.lesch24.de\/web\/wp-content\/uploads\/2021\/11\/Heizo\u0308l-Zusatzstoffe-1024x683.jpg 1024w, https:\/\/www.lesch24.de\/web\/wp-content\/uploads\/2021\/11\/Heizo\u0308l-Zusatzstoffe-768x512.jpg 768w, https:\/\/www.lesch24.de\/web\/wp-content\/uploads\/2021\/11\/Heizo\u0308l-Zusatzstoffe-1536x1024.jpg 1536w, https:\/\/www.lesch24.de\/web\/wp-content\/uploads\/2021\/11\/Heizo\u0308l-Zusatzstoffe-1568x1045.jpg 1568w\" \/><div class=\"wp-block-cover__inner-container is-layout-flow wp-block-cover-is-layout-flow\">\n<h2 class=\"alignwide has-text-align-left has-text-color has-huge-font-size wp-block-heading\" style=\"color:#ffe074\">Zusatzstoffe<\/h2>\n\n\n\n<div class=\"wp-block-columns is-style-twentytwentyone-columns-overlap is-layout-flex wp-container-core-columns-is-layout-2 wp-block-columns-is-layout-flex\">\n<div class=\"wp-block-column is-layout-flow wp-block-column-is-layout-flow\" style=\"--col-width:100%;flex-basis:100%\">\n<div class=\"wp-block-columns is-layout-flex wp-container-core-columns-is-layout-1 wp-block-columns-is-layout-flex\">\n<div class=\"wp-block-column is-layout-flow wp-block-column-is-layout-flow\" style=\"--col-width:100%;--col-width:100%;flex-basis:100%\">\n<h2 class=\"wp-block-heading\">Zum Schutz Ihrer Anlagen.<\/h2>\n<\/div>\n<\/div>\n\n\n\n<p class=\"has-text-color\" style=\"color:#ffe074\">Heiz\u00f6l im Saarland &#8211; Raimund Lesch KG<\/p>\n<\/div>\n<\/div>\n<\/div><\/div>\n\n\n\n<ul><li><strong>Frostschutz<\/strong><ul><li>erhebliche Verbesserung des K\u00e4lteschutzbereichs der Heiz\u00f6lanlage<\/li><li>Heiz\u00f6l bleibt deutlich l\u00e4nger pump- und flie\u00dff\u00e4hig<\/li><li>keine zeit- und kostenintensiven Reparaturen<\/li><\/ul><\/li><\/ul>\n\n\n\n<p><\/p>\n\n\n\n<ul><li><strong>Heiz\u00f6l Premium \/&nbsp;Verbrennungstabilisator&nbsp;<\/strong><br>Unser Spezial-Additiv mit der multifunktionalen Wirkung<ul><li>spart Heizkosten<\/li><li>verhindert weitestgehend Ru\u00dfbildung<\/li><li>sch\u00fctzt vor Ablagerungen<\/li><li>sch\u00fctzt Stahltanks vor Korrosion<\/li><li>verbrennt aschefrei<\/li><li>f\u00fcr alle Brenner geeignet<\/li><li>verbessert die Heiz\u00f6l-Lagerstabilit\u00e4t<\/li><li>T\u00dcV-gepr\u00fcft<\/li><\/ul><\/li><\/ul>\n\n\n\n<p><strong>Mit Duftstoff! gegen Heiz\u00f6l-Geruch!<\/strong><\/p>\n","protected":false},"excerpt":{"rendered":"<p>Frostschutz erhebliche Verbesserung des K\u00e4lteschutzbereichs der Heiz\u00f6lanlage Heiz\u00f6l bleibt deutlich l\u00e4nger pump- und flie\u00dff\u00e4hig keine zeit- und kostenintensiven Reparaturen Heiz\u00f6l Premium \/&nbsp;Verbrennungstabilisator&nbsp;Unser Spezial-Additiv mit der multifunktionalen Wirkung spart Heizkosten verhindert weitestgehend Ru\u00dfbildung sch\u00fctzt vor Ablagerungen sch\u00fctzt Stahltanks vor Korrosion verbrennt aschefrei f\u00fcr alle Brenner geeignet verbessert die Heiz\u00f6l-Lagerstabilit\u00e4t T\u00dcV-gepr\u00fcft Mit Duftstoff! gegen Heiz\u00f6l-Geruch!<\/p>\n","protected":false},"author":1,"featured_media":0,"parent":0,"menu_order":0,"comment_status":"closed","ping_status":"closed","template":"tw-no-title.php","meta":{"footnotes":""},"_links":{"self":[{"href":"https:\/\/www.lesch24.de\/web\/wp-json\/wp\/v2\/pages\/365"}],"collection":[{"href":"https:\/\/www.lesch24.de\/web\/wp-json\/wp\/v2\/pages"}],"about":[{"href":"https:\/\/www.lesch24.de\/web\/wp-json\/wp\/v2\/types\/page"}],"author":[{"embeddable":true,"href":"https:\/\/www.lesch24.de\/web\/wp-json\/wp\/v2\/users\/1"}],"replies":[{"embeddable":true,"href":"https:\/\/www.lesch24.de\/web\/wp-json\/wp\/v2\/comments?post=365"}],"version-history":[{"count":4,"href":"https:\/\/www.lesch24.de\/web\/wp-json\/wp\/v2\/pages\/365\/revisions"}],"predecessor-version":[{"id":370,"href":"https:\/\/www.lesch24.de\/web\/wp-json\/wp\/v2\/pages\/365\/revisions\/370"}],"wp:attachment":[{"href":"https:\/\/www.lesch24.de\/web\/wp-json\/wp\/v2\/media?parent=365"}],"curies":[{"name":"wp","href":"https:\/\/api.w.org\/{rel}","templated":true}]}}