{"id":347,"date":"2021-11-17T17:36:33","date_gmt":"2021-11-17T16:36:33","guid":{"rendered":"https:\/\/www.lesch24.de\/web\/?page_id=347"},"modified":"2024-03-18T13:36:43","modified_gmt":"2024-03-18T12:36:43","slug":"waerme-konto","status":"publish","type":"page","link":"https:\/\/www.lesch24.de\/web\/waerme-konto\/","title":{"rendered":"W\u00e4rme Konto"},"content":{"rendered":"\n<div class=\"wp-block-cover alignfull is-light is-style-default\" style=\"min-height:800px;aspect-ratio:unset;\"><span aria-hidden=\"true\" class=\"wp-block-cover__background has-background-dim-60 has-background-dim\"><\/span><img loading=\"lazy\" decoding=\"async\" width=\"1920\" height=\"1280\" class=\"wp-block-cover__image-background wp-image-350\" alt=\"\" src=\"https:\/\/www.lesch24.de\/web\/wp-content\/uploads\/2021\/11\/wa\u0308rmekonto.jpg\" data-object-fit=\"cover\" sizes=\"(max-width: 799px) 200vw,(max-width: 1920px) 100vw,1920px\" srcset=\"https:\/\/www.lesch24.de\/web\/wp-content\/uploads\/2021\/11\/wa\u0308rmekonto.jpg 1920w, https:\/\/www.lesch24.de\/web\/wp-content\/uploads\/2021\/11\/wa\u0308rmekonto-600x400.jpg 600w, https:\/\/www.lesch24.de\/web\/wp-content\/uploads\/2021\/11\/wa\u0308rmekonto-300x200.jpg 300w, https:\/\/www.lesch24.de\/web\/wp-content\/uploads\/2021\/11\/wa\u0308rmekonto-1024x683.jpg 1024w, https:\/\/www.lesch24.de\/web\/wp-content\/uploads\/2021\/11\/wa\u0308rmekonto-768x512.jpg 768w, https:\/\/www.lesch24.de\/web\/wp-content\/uploads\/2021\/11\/wa\u0308rmekonto-1536x1024.jpg 1536w, https:\/\/www.lesch24.de\/web\/wp-content\/uploads\/2021\/11\/wa\u0308rmekonto-1568x1045.jpg 1568w\" \/><div class=\"wp-block-cover__inner-container is-layout-flow wp-block-cover-is-layout-flow\">\n<h2 class=\"wp-block-heading alignwide has-text-align-left has-text-color has-huge-font-size\" style=\"color:#ffe074\">W\u00e4rme Konto<\/h2>\n\n\n\n<div class=\"wp-block-columns is-style-twentytwentyone-columns-overlap is-layout-flex wp-container-core-columns-is-layout-2 wp-block-columns-is-layout-flex\">\n<div class=\"wp-block-column is-layout-flow wp-block-column-is-layout-flow\" style=\"--col-width:100%;flex-basis:100%\">\n<div class=\"wp-block-columns is-layout-flex wp-container-core-columns-is-layout-1 wp-block-columns-is-layout-flex\">\n<div class=\"wp-block-column is-layout-flow wp-block-column-is-layout-flow\" style=\"--col-width:100%;--col-width:100%;flex-basis:100%\">\n<h2 class=\"wp-block-heading\">Testen Sie das W\u00e4rmeabonnement aus dem Hause Lesch<\/h2>\n<\/div>\n<\/div>\n\n\n\n<p class=\"has-text-color\" style=\"color:#ffe074\">Heiz\u00f6l im Saarland &#8211; Raimund Lesch KG<\/p>\n<\/div>\n<\/div>\n<\/div><\/div>\n\n\n\n<p>Mit dem Heiz\u00f6l-W\u00e4rmekonto bieten wir Ihnen alternativ zur Einmalzahlung einen modernen und besonders komfortablen Zahlungsmodus f\u00fcr Ihren Heiz\u00f6lkauf. Dabei zahlen Sie in bequemen monatlichen Betr\u00e4gen und wir liefern\u00a0p\u00fcnktlich und zuverl\u00e4ssig Ihren Heiz\u00f6lvorrat. Au\u00dferdem Sie\u00a0sparen dazu noch den Gefahrgutzuschlag!\u00a0<\/p>\n\n\n\n<p><strong>Wir&nbsp;\u00fcberpr\u00fcfen&nbsp;f\u00fcr die Dauer Ihres Abonnements&nbsp;die Preisentwicklung am Markt und Informieren Sie&nbsp;\u00fcber den&nbsp;aktuellen Preis.&nbsp;In der Regel&nbsp;k\u00f6nnen dadurch die monatllichen Betr\u00e4ge gesenkt werden und Sie sparen bares Geld.<\/strong><\/p>\n\n\n\n<p><strong>Beispiel:<\/strong><br>Sie sparen jeden Monat einen Betrag auf Ihrem Konto bei uns an, der sich an der durchschnittlichen Jahresverbrauchsmenge und einem Durchschnittspreis orientiert. Sie ben\u00f6tigen 3000 Liter zu einem tagesaktuellen Preis von z.B. \u20ac 2500,-. Auf Ihrem Konto sind \u20ac 2600,- angespart.&nbsp;Wir beliefern Sie nach Terminabsprache, die Rechnung wird mit dem angesparten&nbsp;Betrag ausgeglichen und Sie haben noch ein Guthaben von \u20ac 100,-, das Sie f\u00fcr die n\u00e4chste Lieferung stehen lassen k\u00f6nnen. Haben Sie \u20ac 2000,- angespart, die Rechnung f\u00fcr das gelieferte Heiz\u00f6l betr\u00e4gt aber \u20ac 2100,-, dann sind bei Lieferung die noch fehlenden \u20ac 100,- zu zahlen, der Rest wird \u00fcber Ihr Konto beglichen.<br><\/p>\n\n\n\n<h2 class=\"wp-block-heading\">Ihre Vorteile:<\/h2>\n\n\n\n<p><strong>Aktive Preisbeobachtung zur Senkung Ihrer monatlichen Zahlungen<\/strong>&nbsp;<\/p>\n\n\n\n<ul>\n<li>keine hohe Einmalbelastung<\/li>\n\n\n\n<li>gut kalkulierbare Monatsbeitr\u00e4ge<\/li>\n\n\n\n<li>Lieferung zum Wunschtermin<\/li>\n\n\n\n<li>keine Zinsen, keine Geb\u00fchren<\/li>\n\n\n\n<li>Preisvorteil da kein Gefahrgutzuschlag\/Lieferpauschale berechnet wird<\/li>\n\n\n\n<li>bequeme Zahlungsabwicklung<\/li>\n\n\n\n<li>w\u00f6chentliche Preisinformation per Newsletter<\/li>\n<\/ul>\n\n\n\n<p>Einmal im Jahr \/ nach einer Lieferung erhalten Sie einen Kontoauszug und wir pr\u00fcfen gemeinsam, ob die H\u00f6he der Teilbetr\u00e4ge noch&nbsp;passend ist. Zahlen Sie monatlich zu viel, werden die Beitr\u00e4ge nat\u00fcrlich gutgeschrieben. Genau wie bei der Stromrechnung.<br><br>(nur in unserem Liefergebiet m\u00f6glich)&nbsp;<\/p>\n\n\n\n<p><a href=\"https:\/\/www.lesch24.de\/cms\/upload\/Wrmekonto_2019.pdf\" target=\"_blank\" rel=\"noreferrer noopener\">Download<\/a>&nbsp;Formblatt W\u00e4rmekonto<\/p>\n","protected":false},"excerpt":{"rendered":"<p>Mit dem Heiz\u00f6l-W\u00e4rmekonto bieten wir Ihnen alternativ zur Einmalzahlung einen modernen und besonders komfortablen Zahlungsmodus f\u00fcr Ihren Heiz\u00f6lkauf. Dabei zahlen Sie in bequemen monatlichen Betr\u00e4gen und wir liefern\u00a0p\u00fcnktlich und zuverl\u00e4ssig Ihren Heiz\u00f6lvorrat. Au\u00dferdem Sie\u00a0sparen dazu noch den Gefahrgutzuschlag!\u00a0 Wir&nbsp;\u00fcberpr\u00fcfen&nbsp;f\u00fcr die Dauer Ihres Abonnements&nbsp;die Preisentwicklung am Markt und Informieren Sie&nbsp;\u00fcber den&nbsp;aktuellen Preis.&nbsp;In der Regel&nbsp;k\u00f6nnen dadurch die&hellip; <a class=\"more-link\" href=\"https:\/\/www.lesch24.de\/web\/waerme-konto\/\"><span class=\"screen-reader-text\">W\u00e4rme Konto<\/span> weiterlesen<\/a><\/p>\n","protected":false},"author":1,"featured_media":0,"parent":0,"menu_order":0,"comment_status":"closed","ping_status":"closed","template":"tw-no-title.php","meta":{"footnotes":""},"_links":{"self":[{"href":"https:\/\/www.lesch24.de\/web\/wp-json\/wp\/v2\/pages\/347"}],"collection":[{"href":"https:\/\/www.lesch24.de\/web\/wp-json\/wp\/v2\/pages"}],"about":[{"href":"https:\/\/www.lesch24.de\/web\/wp-json\/wp\/v2\/types\/page"}],"author":[{"embeddable":true,"href":"https:\/\/www.lesch24.de\/web\/wp-json\/wp\/v2\/users\/1"}],"replies":[{"embeddable":true,"href":"https:\/\/www.lesch24.de\/web\/wp-json\/wp\/v2\/comments?post=347"}],"version-history":[{"count":3,"href":"https:\/\/www.lesch24.de\/web\/wp-json\/wp\/v2\/pages\/347\/revisions"}],"predecessor-version":[{"id":1127,"href":"https:\/\/www.lesch24.de\/web\/wp-json\/wp\/v2\/pages\/347\/revisions\/1127"}],"wp:attachment":[{"href":"https:\/\/www.lesch24.de\/web\/wp-json\/wp\/v2\/media?parent=347"}],"curies":[{"name":"wp","href":"https:\/\/api.w.org\/{rel}","templated":true}]}}