{"id":329,"date":"2021-11-17T16:31:11","date_gmt":"2021-11-17T15:31:11","guid":{"rendered":"https:\/\/www.lesch24.de\/web\/?page_id=329"},"modified":"2024-05-04T09:31:02","modified_gmt":"2024-05-04T07:31:02","slug":"heizoel","status":"publish","type":"page","link":"https:\/\/www.lesch24.de\/web\/heizoel\/","title":{"rendered":"Heiz\u00f6l"},"content":{"rendered":"\n<div class=\"wp-block-cover alignfull is-style-default\" style=\"min-height:800px;aspect-ratio:unset;\"><span aria-hidden=\"true\" class=\"wp-block-cover__background has-background-dim-60 has-background-dim\"><\/span><img loading=\"lazy\" decoding=\"async\" width=\"920\" height=\"449\" class=\"wp-block-cover__image-background wp-image-32\" alt=\"\" src=\"https:\/\/www.lesch24.de\/web\/wp-content\/uploads\/2021\/11\/lesch-heizo\u0308l.jpg\" data-object-fit=\"cover\" sizes=\"(max-width: 799px) 200vw,(max-width: 920px) 100vw,920px\" srcset=\"https:\/\/www.lesch24.de\/web\/wp-content\/uploads\/2021\/11\/lesch-heizo\u0308l.jpg 920w, https:\/\/www.lesch24.de\/web\/wp-content\/uploads\/2021\/11\/lesch-heizo\u0308l-600x293.jpg 600w, https:\/\/www.lesch24.de\/web\/wp-content\/uploads\/2021\/11\/lesch-heizo\u0308l-300x146.jpg 300w, https:\/\/www.lesch24.de\/web\/wp-content\/uploads\/2021\/11\/lesch-heizo\u0308l-768x375.jpg 768w\" \/><div class=\"wp-block-cover__inner-container is-layout-flow wp-block-cover-is-layout-flow\">\n<h2 class=\"wp-block-heading alignwide has-text-align-left has-text-color has-huge-font-size\" style=\"color:#ffe074\"><strong>Heiz\u00f6l<\/strong><\/h2>\n\n\n\n<div class=\"wp-block-columns is-style-twentytwentyone-columns-overlap is-layout-flex wp-container-core-columns-is-layout-2 wp-block-columns-is-layout-flex\">\n<div class=\"wp-block-column is-layout-flow wp-block-column-is-layout-flow\" style=\"--col-width:100%;flex-basis:100%\">\n<div class=\"wp-block-columns is-layout-flex wp-container-core-columns-is-layout-1 wp-block-columns-is-layout-flex\">\n<div class=\"wp-block-column is-layout-flow wp-block-column-is-layout-flow\" style=\"--col-width:100%;--col-width:100%;flex-basis:100%\">\n<h2 class=\"wp-block-heading\">Alles zum Thema Heiz\u00f6l in unserer \u00dcbersicht<\/h2>\n<\/div>\n<\/div>\n\n\n\n<p class=\"has-text-color\" style=\"color:#ffe074\">Heiz\u00f6l im Saarland &#8211; Raimund Lesch KG<\/p>\n<\/div>\n<\/div>\n<\/div><\/div>\n\n\n\n<h2 class=\"wp-block-heading has-text-align-center\" style=\"font-size:25px\">Unser Preisangebot beinhaltet folgenden Service: <\/h2>\n\n\n\n<blockquote class=\"wp-block-quote is-layout-flow wp-block-quote-is-layout-flow\">\n<ul>\n<li>Individuelle Terminvereinbarung<\/li>\n\n\n\n<li>Verk\u00fcrzte Lieferzeiten<\/li>\n\n\n\n<li>Tankwageng\u00f6\u00dfen &#8211; inkl. kleinen TKW<\/li>\n\n\n\n<li>Schlauchl\u00e4nge bis max. 40m<\/li>\n<\/ul>\n<\/blockquote>\n\n\n\n<div class=\"wp-block-group alignfull\"><div class=\"wp-block-group__inner-container is-layout-flow wp-block-group-is-layout-flow\">\n<p>Hier gelangen Sie zur individuellen Preisabfrage und zu unserem Heiz\u00f6lradar \u00a0<a href=\"https:\/\/www.lesch24.de\/heizoelpreise\" data-type=\"page\" target=\"_blank\" rel=\"noreferrer noopener\"><strong><mark style=\"background-color:rgba(0, 0, 0, 0);color:#e80d0d\" class=\"has-inline-color\">aktuelle Preise >hier&lt;<\/mark><\/strong><\/a> <br>Mit unserem Heiz\u00f6lradar informieren wir Sie \u00fcber die Heiz\u00f6lpreisentwicklung der Vergangenheit (3-Jahres-Vergleich)<\/p>\n\n\n\n<div class=\"wp-block-group alignfull\"><div class=\"wp-block-group__inner-container is-layout-flow wp-block-group-is-layout-flow\">\n<h2 class=\"wp-block-heading has-text-align-center\">TKW Gr\u00f6\u00dfen<\/h2>\n\n\n\n<div class=\"wp-block-columns alignwide is-layout-flex wp-container-core-columns-is-layout-3 wp-block-columns-is-layout-flex\">\n<div class=\"wp-block-column is-layout-flow wp-block-column-is-layout-flow\">\n<figure class=\"wp-block-image size-large is-resized\"><img loading=\"lazy\" decoding=\"async\" width=\"1024\" height=\"683\" src=\"https:\/\/www.lesch24.de\/web\/wp-content\/uploads\/2024\/05\/DSC_2104-1024x683.jpg\" alt=\"\" class=\"wp-image-1208\" style=\"width:500px\" srcset=\"https:\/\/www.lesch24.de\/web\/wp-content\/uploads\/2024\/05\/DSC_2104-1024x683.jpg 1024w, https:\/\/www.lesch24.de\/web\/wp-content\/uploads\/2024\/05\/DSC_2104-300x200.jpg 300w, https:\/\/www.lesch24.de\/web\/wp-content\/uploads\/2024\/05\/DSC_2104-768x512.jpg 768w, https:\/\/www.lesch24.de\/web\/wp-content\/uploads\/2024\/05\/DSC_2104-1536x1024.jpg 1536w, https:\/\/www.lesch24.de\/web\/wp-content\/uploads\/2024\/05\/DSC_2104-2048x1365.jpg 2048w, https:\/\/www.lesch24.de\/web\/wp-content\/uploads\/2024\/05\/DSC_2104-1568x1045.jpg 1568w\" sizes=\"(max-width: 1024px) 100vw, 1024px\" \/><\/figure>\n\n\n\n<h3 class=\"wp-block-heading has-large-font-size\"><\/h3>\n<\/div>\n\n\n\n<div class=\"wp-block-column is-layout-flow wp-block-column-is-layout-flow\">\n<figure class=\"wp-block-image size-large is-resized\"><img loading=\"lazy\" decoding=\"async\" width=\"1024\" height=\"683\" src=\"https:\/\/www.lesch24.de\/web\/wp-content\/uploads\/2024\/05\/Tankwagen-1024x683.jpg\" alt=\"\" class=\"wp-image-1207\" style=\"width:500px\" srcset=\"https:\/\/www.lesch24.de\/web\/wp-content\/uploads\/2024\/05\/Tankwagen-1024x683.jpg 1024w, https:\/\/www.lesch24.de\/web\/wp-content\/uploads\/2024\/05\/Tankwagen-300x200.jpg 300w, https:\/\/www.lesch24.de\/web\/wp-content\/uploads\/2024\/05\/Tankwagen-768x512.jpg 768w, https:\/\/www.lesch24.de\/web\/wp-content\/uploads\/2024\/05\/Tankwagen-1536x1024.jpg 1536w, https:\/\/www.lesch24.de\/web\/wp-content\/uploads\/2024\/05\/Tankwagen-2048x1365.jpg 2048w, https:\/\/www.lesch24.de\/web\/wp-content\/uploads\/2024\/05\/Tankwagen-1568x1045.jpg 1568w\" sizes=\"(max-width: 1024px) 100vw, 1024px\" \/><\/figure>\n\n\n\n<p><\/p>\n<\/div>\n<\/div>\n\n\n\n<h2 class=\"wp-block-heading\">W\u00e4rme Konto:<\/h2>\n\n\n\n<p>Mit dem Heiz\u00f6l-W\u00e4rmekonto bieten wir Ihnen alternativ zur Einmalzahlung einen modernen und besonders komfortablen Zahlungsmodus &#8230; <a href=\"https:\/\/www.lesch24.de\/web\/?page_id=347\" data-type=\"page\" data-id=\"347\"><mark style=\"background-color:rgba(0, 0, 0, 0);color:#fe1414\" class=\"has-inline-color\"><strong>mehr<\/strong><\/mark><\/a><\/p>\n<\/div><\/div>\n\n\n\n<h2 class=\"wp-block-heading\">Tankreinigung oder Tankentsorgung:<\/h2>\n\n\n\n<p>Wir reinigen, demontieren und entsorgen Ihre alten \u00d6ltanks. Nutzen Sie unseren Service rund um das Thema Heiz\u00f6l, Tankreinigung und Entsorgung &#8230; <a href=\"https:\/\/www.lesch24.de\/web\/?page_id=353\" data-type=\"page\" data-id=\"353\">mehr<\/a><\/p>\n\n\n\n<h2 class=\"wp-block-heading\">Zusatzstoffe:<\/h2>\n\n\n\n<p>Zusatzstoffe bieten Schutz f\u00fcr Ihre Anlage. Wir informieren Sie gerne zum Thema Frostschutz oder Verbrennungsstabilisator &#8230; <a href=\"https:\/\/www.lesch24.de\/web\/?page_id=365\" data-type=\"page\" data-id=\"365\">mehr<\/a><\/p>\n<\/div><\/div>\n\n\n\n<h2 class=\"wp-block-heading\">Newsletter:<\/h2>\n\n\n\n<p>Melden&nbsp;Sie sich kostenlos f\u00fcr unseren Heiz\u00f6l-Newsletter an und erhalten Sie immer die aktuellen Informationen zum Thema Heiz\u00f6l in Ihrer Region. Verpassen Sie ab sofort nicht mehr den richtigen Zeitpunkt, um Ihre Heiz\u00f6lbest\u00e4nde g\u00fcnstig aufzuf\u00fcllen! &#8230; <a href=\"https:\/\/www.lesch24.de\/web\/?page_id=141\" data-type=\"page\" data-id=\"141\">zur Anmeldung<\/a><\/p>\n","protected":false},"excerpt":{"rendered":"<p>Unser Preisangebot beinhaltet folgenden Service: Hier gelangen Sie zur individuellen Preisabfrage und zu unserem Heiz\u00f6lradar \u00a0aktuelle Preise >hier&lt; Mit unserem Heiz\u00f6lradar informieren wir Sie \u00fcber die Heiz\u00f6lpreisentwicklung der Vergangenheit (3-Jahres-Vergleich) TKW Gr\u00f6\u00dfen W\u00e4rme Konto: Mit dem Heiz\u00f6l-W\u00e4rmekonto bieten wir Ihnen alternativ zur Einmalzahlung einen modernen und besonders komfortablen Zahlungsmodus &#8230; mehr Tankreinigung oder Tankentsorgung: Wir&hellip; <a class=\"more-link\" href=\"https:\/\/www.lesch24.de\/web\/heizoel\/\"><span class=\"screen-reader-text\">Heiz\u00f6l<\/span> weiterlesen<\/a><\/p>\n","protected":false},"author":1,"featured_media":0,"parent":0,"menu_order":2,"comment_status":"closed","ping_status":"closed","template":"tw-no-title.php","meta":{"footnotes":""},"_links":{"self":[{"href":"https:\/\/www.lesch24.de\/web\/wp-json\/wp\/v2\/pages\/329"}],"collection":[{"href":"https:\/\/www.lesch24.de\/web\/wp-json\/wp\/v2\/pages"}],"about":[{"href":"https:\/\/www.lesch24.de\/web\/wp-json\/wp\/v2\/types\/page"}],"author":[{"embeddable":true,"href":"https:\/\/www.lesch24.de\/web\/wp-json\/wp\/v2\/users\/1"}],"replies":[{"embeddable":true,"href":"https:\/\/www.lesch24.de\/web\/wp-json\/wp\/v2\/comments?post=329"}],"version-history":[{"count":17,"href":"https:\/\/www.lesch24.de\/web\/wp-json\/wp\/v2\/pages\/329\/revisions"}],"predecessor-version":[{"id":1209,"href":"https:\/\/www.lesch24.de\/web\/wp-json\/wp\/v2\/pages\/329\/revisions\/1209"}],"wp:attachment":[{"href":"https:\/\/www.lesch24.de\/web\/wp-json\/wp\/v2\/media?parent=329"}],"curies":[{"name":"wp","href":"https:\/\/api.w.org\/{rel}","templated":true}]}}