{"id":317,"date":"2021-11-17T16:14:23","date_gmt":"2021-11-17T15:14:23","guid":{"rendered":"https:\/\/www.lesch24.de\/web\/?page_id=317"},"modified":"2023-01-17T05:15:06","modified_gmt":"2023-01-17T04:15:06","slug":"bauholz","status":"publish","type":"page","link":"https:\/\/www.lesch24.de\/web\/bauholz\/","title":{"rendered":"Bauholz"},"content":{"rendered":"\n<div class=\"wp-block-cover alignfull is-style-default\" style=\"min-height:800px;aspect-ratio:unset;\"><span aria-hidden=\"true\" class=\"wp-block-cover__background has-background-dim-60 has-background-dim\"><\/span><img loading=\"lazy\" decoding=\"async\" width=\"1920\" height=\"1279\" class=\"wp-block-cover__image-background wp-image-320\" alt=\"\" src=\"https:\/\/www.lesch24.de\/web\/wp-content\/uploads\/2021\/11\/Bauholz.jpg\" data-object-fit=\"cover\" sizes=\"(max-width: 799px) 200vw,(max-width: 1920px) 100vw,1920px\" srcset=\"https:\/\/www.lesch24.de\/web\/wp-content\/uploads\/2021\/11\/Bauholz.jpg 1920w, https:\/\/www.lesch24.de\/web\/wp-content\/uploads\/2021\/11\/Bauholz-600x400.jpg 600w, https:\/\/www.lesch24.de\/web\/wp-content\/uploads\/2021\/11\/Bauholz-300x200.jpg 300w, https:\/\/www.lesch24.de\/web\/wp-content\/uploads\/2021\/11\/Bauholz-1024x682.jpg 1024w, https:\/\/www.lesch24.de\/web\/wp-content\/uploads\/2021\/11\/Bauholz-768x512.jpg 768w, https:\/\/www.lesch24.de\/web\/wp-content\/uploads\/2021\/11\/Bauholz-1536x1023.jpg 1536w, https:\/\/www.lesch24.de\/web\/wp-content\/uploads\/2021\/11\/Bauholz-1568x1045.jpg 1568w\" \/><div class=\"wp-block-cover__inner-container is-layout-flow wp-block-cover-is-layout-flow\">\n<h2 class=\"alignwide has-text-align-left has-text-color has-huge-font-size wp-block-heading\" style=\"color:#ffe074\">Bauholz<\/h2>\n\n\n\n<div class=\"wp-block-columns is-style-twentytwentyone-columns-overlap is-layout-flex wp-container-core-columns-is-layout-2 wp-block-columns-is-layout-flex\">\n<div class=\"wp-block-column is-layout-flow wp-block-column-is-layout-flow\" style=\"--col-width:100%;flex-basis:100%\">\n<div class=\"wp-block-columns is-layout-flex wp-container-core-columns-is-layout-1 wp-block-columns-is-layout-flex\">\n<div class=\"wp-block-column is-layout-flow wp-block-column-is-layout-flow\" style=\"--col-width:100%;--col-width:100%;flex-basis:100%\">\n<h2 class=\"wp-block-heading\">Bauen mit Holz zu nat\u00fcrlichen Preisen<\/h2>\n<\/div>\n<\/div>\n\n\n\n<p class=\"has-text-color\" style=\"color:#ffe074\">Bauholz im Saarland &#8211; Raimund Lesch KG<\/p>\n<\/div>\n<\/div>\n<\/div><\/div>\n\n\n\n<h2 class=\"wp-block-heading\">Bauholz und Z\u00e4une<\/h2>\n\n\n\n<p>Sind Ma\u00dfgenauigkeit und eine &#8222;astreine&#8220; Oberfl\u00e4che gefordert, dann bietet sich Brettschichtholz (BSH) oder Konstruktions-Vollholz f\u00fcr sichtbaren Verbau (KVH-SI) an. Ist nur die Ma\u00dfgenauigkeit gefragt, gen\u00fcgt KVH-NSI f\u00fcr nicht sichtbaren Einsatz.<\/p>\n\n\n\n<h2 class=\"wp-block-heading\">Alternative Kanth\u00f6lzer<\/h2>\n\n\n\n<p>Alternativ k\u00f6nnen Sie auch auf Kanth\u00f6lzer verschiedener Dimensionen in s\u00e4gerauh zur\u00fcckgreifen. Die Ma\u00dfe 4\/6, 5\/7, 6\/8 und 8\/10 in einer L\u00e4nge von 4m halten wir stets am Lager bereit.<\/p>\n\n\n\n<h2 class=\"wp-block-heading\">Schalbretter, Bohlen und Latten<\/h2>\n\n\n\n<p>Neben Kanth\u00f6lzern bieten wir auch Schalbretter (24x4000mm) in den Breiten 10cm, 12cm, 14cm und 18cm, Bohlen 40x250x4000 und Latten von einer L\u00e4nge von 4m und den Dimensionen 24x48mm und 30x50mm an. Die Schnitth\u00f6lzer sind getrocknet und nicht impr\u00e4gniert.<\/p>\n\n\n\n<h2 class=\"wp-block-heading\">Holzfaserplatten (OSB) und Spanplatten<\/h2>\n\n\n\n<p>Als Plattenware runden OSB (Holzfaserplatten) und Spanplatten unser Lagerprogramm ab. Tischlerplatten, Multiplex oder MDF-Platten k\u00f6nnen auf Bestellung geliefert werden.<\/p>\n\n\n\n<p><\/p>\n","protected":false},"excerpt":{"rendered":"<p>Bauholz und Z\u00e4une Sind Ma\u00dfgenauigkeit und eine &#8222;astreine&#8220; Oberfl\u00e4che gefordert, dann bietet sich Brettschichtholz (BSH) oder Konstruktions-Vollholz f\u00fcr sichtbaren Verbau (KVH-SI) an. Ist nur die Ma\u00dfgenauigkeit gefragt, gen\u00fcgt KVH-NSI f\u00fcr nicht sichtbaren Einsatz. Alternative Kanth\u00f6lzer Alternativ k\u00f6nnen Sie auch auf Kanth\u00f6lzer verschiedener Dimensionen in s\u00e4gerauh zur\u00fcckgreifen. Die Ma\u00dfe 4\/6, 5\/7, 6\/8 und 8\/10 in einer&hellip; <a class=\"more-link\" href=\"https:\/\/www.lesch24.de\/web\/bauholz\/\"><span class=\"screen-reader-text\">Bauholz<\/span> weiterlesen<\/a><\/p>\n","protected":false},"author":1,"featured_media":0,"parent":0,"menu_order":0,"comment_status":"closed","ping_status":"closed","template":"tw-no-title.php","meta":{"footnotes":""},"_links":{"self":[{"href":"https:\/\/www.lesch24.de\/web\/wp-json\/wp\/v2\/pages\/317"}],"collection":[{"href":"https:\/\/www.lesch24.de\/web\/wp-json\/wp\/v2\/pages"}],"about":[{"href":"https:\/\/www.lesch24.de\/web\/wp-json\/wp\/v2\/types\/page"}],"author":[{"embeddable":true,"href":"https:\/\/www.lesch24.de\/web\/wp-json\/wp\/v2\/users\/1"}],"replies":[{"embeddable":true,"href":"https:\/\/www.lesch24.de\/web\/wp-json\/wp\/v2\/comments?post=317"}],"version-history":[{"count":4,"href":"https:\/\/www.lesch24.de\/web\/wp-json\/wp\/v2\/pages\/317\/revisions"}],"predecessor-version":[{"id":964,"href":"https:\/\/www.lesch24.de\/web\/wp-json\/wp\/v2\/pages\/317\/revisions\/964"}],"wp:attachment":[{"href":"https:\/\/www.lesch24.de\/web\/wp-json\/wp\/v2\/media?parent=317"}],"curies":[{"name":"wp","href":"https:\/\/api.w.org\/{rel}","templated":true}]}}