{"id":304,"date":"2021-11-17T16:04:41","date_gmt":"2021-11-17T15:04:41","guid":{"rendered":"https:\/\/www.lesch24.de\/web\/?page_id=304"},"modified":"2026-03-13T09:52:06","modified_gmt":"2026-03-13T08:52:06","slug":"natursteine","status":"publish","type":"page","link":"https:\/\/www.lesch24.de\/web\/natursteine\/","title":{"rendered":"Natursteine"},"content":{"rendered":"\n<div class=\"wp-block-cover alignfull is-light is-style-default\" style=\"min-height:800px;aspect-ratio:unset;\"><span aria-hidden=\"true\" class=\"wp-block-cover__background has-background-dim-60 has-background-dim\"><\/span><img loading=\"lazy\" decoding=\"async\" width=\"1920\" height=\"1437\" class=\"wp-block-cover__image-background wp-image-307\" alt=\"\" src=\"https:\/\/www.lesch24.de\/web\/wp-content\/uploads\/2021\/11\/naturstein.jpg\" data-object-fit=\"cover\" sizes=\"(max-width: 799px) 200vw,(max-width: 1920px) 100vw,1920px\" srcset=\"https:\/\/www.lesch24.de\/web\/wp-content\/uploads\/2021\/11\/naturstein.jpg 1920w, https:\/\/www.lesch24.de\/web\/wp-content\/uploads\/2021\/11\/naturstein-600x449.jpg 600w, https:\/\/www.lesch24.de\/web\/wp-content\/uploads\/2021\/11\/naturstein-300x225.jpg 300w, https:\/\/www.lesch24.de\/web\/wp-content\/uploads\/2021\/11\/naturstein-1024x766.jpg 1024w, https:\/\/www.lesch24.de\/web\/wp-content\/uploads\/2021\/11\/naturstein-768x575.jpg 768w, https:\/\/www.lesch24.de\/web\/wp-content\/uploads\/2021\/11\/naturstein-1536x1150.jpg 1536w, https:\/\/www.lesch24.de\/web\/wp-content\/uploads\/2021\/11\/naturstein-1568x1174.jpg 1568w\" \/><div class=\"wp-block-cover__inner-container is-layout-flow wp-block-cover-is-layout-flow\">\n<h2 class=\"wp-block-heading alignwide has-text-align-left has-text-color has-huge-font-size\" style=\"color:#ffe074\">Natursteine<\/h2>\n\n\n\n<div class=\"wp-block-columns is-style-twentytwentyone-columns-overlap is-layout-flex wp-container-core-columns-is-layout-2 wp-block-columns-is-layout-flex\">\n<div class=\"wp-block-column is-layout-flow wp-block-column-is-layout-flow\" style=\"--col-width:100%;flex-basis:100%\">\n<div class=\"wp-block-columns is-layout-flex wp-container-core-columns-is-layout-1 wp-block-columns-is-layout-flex\">\n<div class=\"wp-block-column is-layout-flow wp-block-column-is-layout-flow\" style=\"--col-width:100%;--col-width:100%;flex-basis:100%\">\n<h2 class=\"wp-block-heading\">Verleihen Sie Ihrer Au\u00dfenanlage Profil ! Garten Ideen 2021<\/h2>\n<\/div>\n<\/div>\n\n\n\n<p class=\"has-text-color\" style=\"color:#ffe074\">Naturstein im Saarland &#8211; Raimund Lesch KG<\/p>\n<\/div>\n<\/div>\n<\/div><\/div>\n\n\n\n<p>Wenn Sie in der Gartengestaltung nach einem Material mit wahnsinnig vielen verschiedenen, total interessanten M\u00f6glichkeiten suchen, sind Sie mit Natursteinen bereits f\u00fcndig geworden.<\/p>\n\n\n\n<h2 class=\"wp-block-heading\">Naturstein &#8211; Innen und Au\u00dfen<\/h2>\n\n\n\n<p>Natursteinpflaster und Natursteinplatten eignen sich optimal f\u00fcr Bodenbel\u00e4ge im Innen- und Au\u00dfenbereich.&nbsp;Durch die einzigartigen Farben und Strukturen verleihen Sie Ihrer Wohlf\u00fchloase&nbsp;einen repr\u00e4sentativen und gro\u00dfz\u00fcgigen Eindruck.<s><\/s><\/p>\n\n\n\n<h2 class=\"wp-block-heading\">Verleihen Sie Ihrem Garten Profil!<\/h2>\n\n\n\n<p>Mit Mauern aus Naturstein gleichen Sie spielend H\u00f6henunterschiede aus, schaffen R\u00e4ume, bringen Tiefe und Perspektive in Ihren Garten.&nbsp;Bauen Sie Ihre Mauer nach Ihrer individuellen Vorstellung. Besuchen Sie unsere Musteraustellung und lassen Sie sich durch unsere Fachverk\u00e4ufer inspirieren.<\/p>\n\n\n\n<p>Online Bl\u00e4tterkatalog\u00a0\u00a0<strong><a href=\"https:\/\/www.bauvista.digital\/gartenideen\/gartenideen_2026\/lesch\/index.html#p=1\" data-type=\"link\" data-id=\"https:\/\/www.bauvista.digital\/gartenideen\/gartenideen_2026\/lesch\/index.html#p=1\">Garten Ideen 2026\u00a0>> hier &lt;&lt;<\/a><\/strong><\/p>\n","protected":false},"excerpt":{"rendered":"<p>Wenn Sie in der Gartengestaltung nach einem Material mit wahnsinnig vielen verschiedenen, total interessanten M\u00f6glichkeiten suchen, sind Sie mit Natursteinen bereits f\u00fcndig geworden. Naturstein &#8211; Innen und Au\u00dfen Natursteinpflaster und Natursteinplatten eignen sich optimal f\u00fcr Bodenbel\u00e4ge im Innen- und Au\u00dfenbereich.&nbsp;Durch die einzigartigen Farben und Strukturen verleihen Sie Ihrer Wohlf\u00fchloase&nbsp;einen repr\u00e4sentativen und gro\u00dfz\u00fcgigen Eindruck. Verleihen Sie&hellip; <a class=\"more-link\" href=\"https:\/\/www.lesch24.de\/web\/natursteine\/\"><span class=\"screen-reader-text\">Natursteine<\/span> weiterlesen<\/a><\/p>\n","protected":false},"author":1,"featured_media":0,"parent":0,"menu_order":0,"comment_status":"closed","ping_status":"closed","template":"tw-no-title.php","meta":{"footnotes":""},"_links":{"self":[{"href":"https:\/\/www.lesch24.de\/web\/wp-json\/wp\/v2\/pages\/304"}],"collection":[{"href":"https:\/\/www.lesch24.de\/web\/wp-json\/wp\/v2\/pages"}],"about":[{"href":"https:\/\/www.lesch24.de\/web\/wp-json\/wp\/v2\/types\/page"}],"author":[{"embeddable":true,"href":"https:\/\/www.lesch24.de\/web\/wp-json\/wp\/v2\/users\/1"}],"replies":[{"embeddable":true,"href":"https:\/\/www.lesch24.de\/web\/wp-json\/wp\/v2\/comments?post=304"}],"version-history":[{"count":3,"href":"https:\/\/www.lesch24.de\/web\/wp-json\/wp\/v2\/pages\/304\/revisions"}],"predecessor-version":[{"id":1366,"href":"https:\/\/www.lesch24.de\/web\/wp-json\/wp\/v2\/pages\/304\/revisions\/1366"}],"wp:attachment":[{"href":"https:\/\/www.lesch24.de\/web\/wp-json\/wp\/v2\/media?parent=304"}],"curies":[{"name":"wp","href":"https:\/\/api.w.org\/{rel}","templated":true}]}}