{"id":263,"date":"2021-11-17T14:57:21","date_gmt":"2021-11-17T13:57:21","guid":{"rendered":"https:\/\/www.lesch24.de\/web\/?page_id=263"},"modified":"2021-11-17T15:50:09","modified_gmt":"2021-11-17T14:50:09","slug":"tiefbau","status":"publish","type":"page","link":"https:\/\/www.lesch24.de\/web\/tiefbau\/","title":{"rendered":"Tiefbau"},"content":{"rendered":"\n<div class=\"wp-block-cover alignfull has-background-dim-60 has-background-dim is-style-default\" style=\"min-height:800px;aspect-ratio:unset;\"><img loading=\"lazy\" decoding=\"async\" width=\"1920\" height=\"1280\" class=\"wp-block-cover__image-background wp-image-299\" alt=\"\" src=\"https:\/\/www.lesch24.de\/web\/wp-content\/uploads\/2021\/11\/Tiefbau.jpg\" data-object-fit=\"cover\" sizes=\"(max-width: 799px) 200vw,(max-width: 1920px) 100vw,1920px\" srcset=\"https:\/\/www.lesch24.de\/web\/wp-content\/uploads\/2021\/11\/Tiefbau.jpg 1920w, https:\/\/www.lesch24.de\/web\/wp-content\/uploads\/2021\/11\/Tiefbau-600x400.jpg 600w, https:\/\/www.lesch24.de\/web\/wp-content\/uploads\/2021\/11\/Tiefbau-300x200.jpg 300w, https:\/\/www.lesch24.de\/web\/wp-content\/uploads\/2021\/11\/Tiefbau-1024x683.jpg 1024w, https:\/\/www.lesch24.de\/web\/wp-content\/uploads\/2021\/11\/Tiefbau-768x512.jpg 768w, https:\/\/www.lesch24.de\/web\/wp-content\/uploads\/2021\/11\/Tiefbau-1536x1024.jpg 1536w, https:\/\/www.lesch24.de\/web\/wp-content\/uploads\/2021\/11\/Tiefbau-1568x1045.jpg 1568w\" \/><div class=\"wp-block-cover__inner-container is-layout-flow wp-block-cover-is-layout-flow\">\n<h2 class=\"alignwide has-text-align-left has-text-color has-huge-font-size wp-block-heading\" style=\"color:#ffe074\">Tiefbau<\/h2>\n\n\n\n<div class=\"wp-block-columns is-style-twentytwentyone-columns-overlap is-layout-flex wp-container-core-columns-is-layout-2 wp-block-columns-is-layout-flex\">\n<div class=\"wp-block-column is-layout-flow wp-block-column-is-layout-flow\" style=\"--col-width:100%;flex-basis:100%\">\n<div class=\"wp-block-columns is-layout-flex wp-container-core-columns-is-layout-1 wp-block-columns-is-layout-flex\">\n<div class=\"wp-block-column is-layout-flow wp-block-column-is-layout-flow\" style=\"--col-width:100%;--col-width:100%;flex-basis:100%\">\n<h2 class=\"wp-block-heading\">Alle g\u00e4ngigen Produkte f\u00fcr den Tiefbau ab Lager<\/h2>\n<\/div>\n<\/div>\n\n\n\n<p class=\"has-text-color\" style=\"color:#ffe074\">Tiefbau im Saarland &#8211; Raimund Lesch KG<\/p>\n<\/div>\n<\/div>\n<\/div><\/div>\n\n\n\n<p>Als starker Partner im Saarland in Sachen Tiefbaustoffe f\u00fchren wir bei uns am Lager alle g\u00e4ngigen Produkte f\u00fcr den Tiefbau. Kanalrohre, Entw\u00e4sserungen, Drainagen, Schachtringe, Regenwassernutzung etc. Bei uns finden Sie ein umfangreiches Angebot.<\/p>\n\n\n\n<h2 class=\"wp-block-heading\">Kanalrohre und Drainage:<\/h2>\n\n\n\n<p>Wir ben\u00f6tigen es zum Leben, aber wenn es ungewollt kommt oder verbraucht\/verschmutzt ist, soll es so schnell wie m\u00f6glich und unkompliziert wieder weg. Die Rede ist von Wasser. Egal ob Ab- oder Sickerwasser &#8211; wir halten ein gro\u00dfes Sortiment an Kanalrohren von DN40 bis DN150, sowie Drainagerohre, Kontrollsch\u00e4chte und Zubeh\u00f6r bereit. Zu Ihrem individeullen Materialbedarf fragen Sie unser Fachpersonal &#8211; wir beraten Sie gerne.<\/p>\n\n\n\n<h2 class=\"wp-block-heading\">Stra\u00dfen- und Wegeentw\u00e4sserung:<\/h2>\n\n\n\n<p>Soll das Haus vor N\u00e4sse durch Niederschlag gesch\u00fctzt werden, m\u00fcssen versiegelte Fl\u00e4chen wie Einfahrten, Hof und Wege entw\u00e4ssert werden. Hier kommen Bodenrinnen und Hofsinkk\u00e4sten zum Einsatz. Egal ob begehbar, befahrbar oder f\u00fcr Schwerlastverkehr geeignet: wir finden mit Ihnen gemeinsam die richtige L\u00f6sung! Erg\u00e4nzend f\u00fchren wir auch Bordsteine und Rinnenplatten f\u00fcr die offene Entw\u00e4sserung.<\/p>\n\n\n\n<h2 class=\"wp-block-heading\">Betonringe und -Sch\u00e4chte:<\/h2>\n\n\n\n<p>Wir f\u00fchren Betonringe in unterschiedlichen Gr\u00f6\u00dfen und Ausf\u00fchrungen: Auch f\u00fcr Ihren Bedarf ist genau der Richtige dabei, ob f\u00fcr Kl\u00e4ranlage, Brunnen oder Sickerschacht. Die entsprechenden Schachtabdeckungen sind funktional und optisch ansprechend.<\/p>\n","protected":false},"excerpt":{"rendered":"<p>Als starker Partner im Saarland in Sachen Tiefbaustoffe f\u00fchren wir bei uns am Lager alle g\u00e4ngigen Produkte f\u00fcr den Tiefbau. Kanalrohre, Entw\u00e4sserungen, Drainagen, Schachtringe, Regenwassernutzung etc. Bei uns finden Sie ein umfangreiches Angebot. Kanalrohre und Drainage: Wir ben\u00f6tigen es zum Leben, aber wenn es ungewollt kommt oder verbraucht\/verschmutzt ist, soll es so schnell wie m\u00f6glich&hellip; <a class=\"more-link\" href=\"https:\/\/www.lesch24.de\/web\/tiefbau\/\"><span class=\"screen-reader-text\">Tiefbau<\/span> weiterlesen<\/a><\/p>\n","protected":false},"author":1,"featured_media":0,"parent":0,"menu_order":0,"comment_status":"closed","ping_status":"closed","template":"tw-no-title.php","meta":{"footnotes":""},"_links":{"self":[{"href":"https:\/\/www.lesch24.de\/web\/wp-json\/wp\/v2\/pages\/263"}],"collection":[{"href":"https:\/\/www.lesch24.de\/web\/wp-json\/wp\/v2\/pages"}],"about":[{"href":"https:\/\/www.lesch24.de\/web\/wp-json\/wp\/v2\/types\/page"}],"author":[{"embeddable":true,"href":"https:\/\/www.lesch24.de\/web\/wp-json\/wp\/v2\/users\/1"}],"replies":[{"embeddable":true,"href":"https:\/\/www.lesch24.de\/web\/wp-json\/wp\/v2\/comments?post=263"}],"version-history":[{"count":4,"href":"https:\/\/www.lesch24.de\/web\/wp-json\/wp\/v2\/pages\/263\/revisions"}],"predecessor-version":[{"id":1203,"href":"https:\/\/www.lesch24.de\/web\/wp-json\/wp\/v2\/pages\/263\/revisions\/1203"}],"wp:attachment":[{"href":"https:\/\/www.lesch24.de\/web\/wp-json\/wp\/v2\/media?parent=263"}],"curies":[{"name":"wp","href":"https:\/\/api.w.org\/{rel}","templated":true}]}}