{"id":250,"date":"2021-11-17T14:45:06","date_gmt":"2021-11-17T13:45:06","guid":{"rendered":"https:\/\/www.lesch24.de\/web\/?page_id=250"},"modified":"2021-11-17T15:54:15","modified_gmt":"2021-11-17T14:54:15","slug":"hochbau","status":"publish","type":"page","link":"https:\/\/www.lesch24.de\/web\/hochbau\/","title":{"rendered":"Hochbau"},"content":{"rendered":"\n<div class=\"wp-block-cover alignfull has-background-dim-60 has-background-dim is-style-default\" style=\"min-height:800px;aspect-ratio:unset;\"><img loading=\"lazy\" decoding=\"async\" width=\"1920\" height=\"1280\" class=\"wp-block-cover__image-background wp-image-301\" alt=\"\" src=\"https:\/\/www.lesch24.de\/web\/wp-content\/uploads\/2021\/11\/hochbau.jpg\" data-object-fit=\"cover\" sizes=\"(max-width: 799px) 200vw,(max-width: 1920px) 100vw,1920px\" srcset=\"https:\/\/www.lesch24.de\/web\/wp-content\/uploads\/2021\/11\/hochbau.jpg 1920w, https:\/\/www.lesch24.de\/web\/wp-content\/uploads\/2021\/11\/hochbau-600x400.jpg 600w, https:\/\/www.lesch24.de\/web\/wp-content\/uploads\/2021\/11\/hochbau-300x200.jpg 300w, https:\/\/www.lesch24.de\/web\/wp-content\/uploads\/2021\/11\/hochbau-1024x683.jpg 1024w, https:\/\/www.lesch24.de\/web\/wp-content\/uploads\/2021\/11\/hochbau-768x512.jpg 768w, https:\/\/www.lesch24.de\/web\/wp-content\/uploads\/2021\/11\/hochbau-1536x1024.jpg 1536w, https:\/\/www.lesch24.de\/web\/wp-content\/uploads\/2021\/11\/hochbau-1568x1045.jpg 1568w\" \/><div class=\"wp-block-cover__inner-container is-layout-flow wp-block-cover-is-layout-flow\">\n<h2 class=\"alignwide has-text-align-left has-text-color has-huge-font-size wp-block-heading\" style=\"color:#ffe074\">Hochbau<\/h2>\n\n\n\n<div class=\"wp-block-columns is-style-twentytwentyone-columns-overlap is-layout-flex wp-container-core-columns-is-layout-2 wp-block-columns-is-layout-flex\">\n<div class=\"wp-block-column is-layout-flow wp-block-column-is-layout-flow\" style=\"--col-width:100%;flex-basis:100%\">\n<div class=\"wp-block-columns is-layout-flex wp-container-core-columns-is-layout-1 wp-block-columns-is-layout-flex\">\n<div class=\"wp-block-column is-layout-flow wp-block-column-is-layout-flow\" style=\"--col-width:100%;--col-width:100%;flex-basis:100%\">\n<h2 class=\"wp-block-heading\">Die g\u00e4ngigsten Steinsorten f\u00fcr den Keller- und Innenausbau, bis hin zu &#8230;<\/h2>\n<\/div>\n<\/div>\n\n\n\n<p class=\"has-text-color\" style=\"color:#ffe074\">Hochbau im Saarland &#8211; Raimund Lesch KG<\/p>\n<\/div>\n<\/div>\n<\/div><\/div>\n\n\n\n<p>Wir bevoraten f\u00fcr Sie die g\u00e4ngigsten Steinsorten, vom Kalksandstein und Bimsstein f\u00fcr den Keller- und Innenausbau, bis hin zu Porenbetonsteinen f\u00fcr den w\u00e4rmed\u00e4mmenden Hausbau.<\/p>\n\n\n\n<h2 class=\"wp-block-heading\">Kalksandsteine:<\/h2>\n\n\n\n<p>Kalksandsteine sind die Allrounder am Bau. Sie k\u00f6nnen sowohl innen als auch au\u00dfen eingesetzt werden. Aufgrund ihrer hohen Rohdichte sind sie sehr stabil, druckfest, nicht brennbar und w\u00e4rmespeichernd. Kalksandsteine werden in vielen verschiedenen Gr\u00f6\u00dfen angeboten und sind sehr ma\u00dfhaltig (Plansteine).&nbsp;<\/p>\n\n\n\n<h2 class=\"wp-block-heading\">Bimsstein:<\/h2>\n\n\n\n<p>Bims ist ein por\u00f6ses Vulkangestein, das hervoragende Eigenschaften f\u00fcr W\u00e4rmed\u00e4mmung und Brandschutz hat. Er entstand vor ca. 13.000 Jahren in der Vulkaneifel im Neuwieder Becken, wo er von dort angesiedelter Industrie zu Bimssteinen verarbeitet wird. Als nat\u00fcrlicher Rohstoff und durch kurze Beschaffungswege ist die \u00d6kobilanz beim Bimsstein hervorragend. <strong>Nachteile:<\/strong> Wie jeder hochd\u00e4mmende Stein ist Bims f\u00fcr den Schallschutz nicht so gut geeignet. Daf\u00fcr bekommt man Bimssteine aber in verschiedenen Gewichtsklassen, sodass vom hochd\u00e4mmenden Stein bis zum <em>schallisolierenden<\/em> Stein alles abgedeckt werden kann, was der Verbraucher m\u00f6chte. Die Plansteine sind ma\u00dfhaltig und erlauben ein effizientes Verarbeiten.<\/p>\n\n\n\n<h2 class=\"wp-block-heading\">Porenbeton:<\/h2>\n\n\n\n<p>Porenbeton, besser bekannt als Gasbeton oder Ytong. Wobei Ytong neben Porit und H&amp;H nur ein Hersteller von Porenbetonsteinen ist. Porenbeton besticht durch seine hohe W\u00e4rmed\u00e4mmung (er besteht bis zu 80% aus Luft!), ist trotzdem stabil und druckfest und somit ideal f\u00fcr den Hausbau vom Keller bis zum Dach. Er wird aus mineralischen Stoffen wie Sand, Kalk, Zement und Wasser hergestellt und ist dabei sehr ressourcenschonend, da aus 1 m\u00b3 Grundstoffen ca. 5 m\u00b3 Steinmasse hergestellt werden. Auch Porenbetonsteine sind sehr ma\u00dfhaltig und darum schnell zu verarbeiten.<\/p>\n","protected":false},"excerpt":{"rendered":"<p>Wir bevoraten f\u00fcr Sie die g\u00e4ngigsten Steinsorten, vom Kalksandstein und Bimsstein f\u00fcr den Keller- und Innenausbau, bis hin zu Porenbetonsteinen f\u00fcr den w\u00e4rmed\u00e4mmenden Hausbau. Kalksandsteine: Kalksandsteine sind die Allrounder am Bau. Sie k\u00f6nnen sowohl innen als auch au\u00dfen eingesetzt werden. Aufgrund ihrer hohen Rohdichte sind sie sehr stabil, druckfest, nicht brennbar und w\u00e4rmespeichernd. Kalksandsteine werden&hellip; <a class=\"more-link\" href=\"https:\/\/www.lesch24.de\/web\/hochbau\/\"><span class=\"screen-reader-text\">Hochbau<\/span> weiterlesen<\/a><\/p>\n","protected":false},"author":1,"featured_media":0,"parent":0,"menu_order":0,"comment_status":"closed","ping_status":"closed","template":"tw-no-title.php","meta":{"footnotes":""},"_links":{"self":[{"href":"https:\/\/www.lesch24.de\/web\/wp-json\/wp\/v2\/pages\/250"}],"collection":[{"href":"https:\/\/www.lesch24.de\/web\/wp-json\/wp\/v2\/pages"}],"about":[{"href":"https:\/\/www.lesch24.de\/web\/wp-json\/wp\/v2\/types\/page"}],"author":[{"embeddable":true,"href":"https:\/\/www.lesch24.de\/web\/wp-json\/wp\/v2\/users\/1"}],"replies":[{"embeddable":true,"href":"https:\/\/www.lesch24.de\/web\/wp-json\/wp\/v2\/comments?post=250"}],"version-history":[{"count":7,"href":"https:\/\/www.lesch24.de\/web\/wp-json\/wp\/v2\/pages\/250\/revisions"}],"predecessor-version":[{"id":303,"href":"https:\/\/www.lesch24.de\/web\/wp-json\/wp\/v2\/pages\/250\/revisions\/303"}],"wp:attachment":[{"href":"https:\/\/www.lesch24.de\/web\/wp-json\/wp\/v2\/media?parent=250"}],"curies":[{"name":"wp","href":"https:\/\/api.w.org\/{rel}","templated":true}]}}