{"id":141,"date":"2021-11-15T21:05:50","date_gmt":"2021-11-15T20:05:50","guid":{"rendered":"https:\/\/www.lesch24.de\/web\/?page_id=141"},"modified":"2023-01-27T08:01:00","modified_gmt":"2023-01-27T07:01:00","slug":"newsletter","status":"publish","type":"page","link":"https:\/\/www.lesch24.de\/web\/newsletter\/","title":{"rendered":"Newsletter"},"content":{"rendered":"\n<div class=\"wp-block-cover alignfull is-style-default\" style=\"min-height:800px;aspect-ratio:unset;\"><span aria-hidden=\"true\" class=\"wp-block-cover__background has-background-dim-60 has-background-dim\"><\/span><img loading=\"lazy\" decoding=\"async\" width=\"1920\" height=\"1272\" class=\"wp-block-cover__image-background wp-image-1027\" alt=\"\" src=\"https:\/\/www.lesch24.de\/web\/wp-content\/uploads\/2023\/01\/letter-g4f2b08676_1920.jpg\" data-object-fit=\"cover\" sizes=\"(max-width: 799px) 200vw,(max-width: 1920px) 100vw,1920px\" srcset=\"https:\/\/www.lesch24.de\/web\/wp-content\/uploads\/2023\/01\/letter-g4f2b08676_1920.jpg 1920w, https:\/\/www.lesch24.de\/web\/wp-content\/uploads\/2023\/01\/letter-g4f2b08676_1920-300x199.jpg 300w, https:\/\/www.lesch24.de\/web\/wp-content\/uploads\/2023\/01\/letter-g4f2b08676_1920-1024x678.jpg 1024w, https:\/\/www.lesch24.de\/web\/wp-content\/uploads\/2023\/01\/letter-g4f2b08676_1920-768x509.jpg 768w, https:\/\/www.lesch24.de\/web\/wp-content\/uploads\/2023\/01\/letter-g4f2b08676_1920-1536x1018.jpg 1536w, https:\/\/www.lesch24.de\/web\/wp-content\/uploads\/2023\/01\/letter-g4f2b08676_1920-1568x1039.jpg 1568w, https:\/\/www.lesch24.de\/web\/wp-content\/uploads\/2023\/01\/letter-g4f2b08676_1920-600x398.jpg 600w\" \/><div class=\"wp-block-cover__inner-container is-layout-flow wp-block-cover-is-layout-flow\">\n<h2 class=\"alignwide has-text-align-left has-text-color has-huge-font-size wp-block-heading\" style=\"color:#ffe074\">Newsletter<\/h2>\n\n\n\n<div class=\"wp-block-columns is-style-twentytwentyone-columns-overlap is-layout-flex wp-container-core-columns-is-layout-2 wp-block-columns-is-layout-flex\">\n<div class=\"wp-block-column is-layout-flow wp-block-column-is-layout-flow\" style=\"--col-width:100%;flex-basis:100%\">\n<div class=\"wp-block-columns is-layout-flex wp-container-core-columns-is-layout-1 wp-block-columns-is-layout-flex\">\n<div class=\"wp-block-column is-layout-flow wp-block-column-is-layout-flow\" style=\"--col-width:100%;--col-width:100%;flex-basis:100%\">\n<h2 class=\"wp-block-heading\">Immer aktuell und bestens informiert.<\/h2>\n<\/div>\n<\/div>\n\n\n\n<p class=\"has-text-color\" style=\"color:#ffe074\">Heiz\u00f6l, Restbest\u00e4nde, Angebote und vieles mehr! Mit dem Newsletter der Raimund Lesch KG<\/p>\n<\/div>\n<\/div>\n<\/div><\/div>\n\n\n\n<h3 class=\"wp-block-heading\">Alle Neuigkeiten rund um unser Unternehmen, unsere Produkte und aktuelle Heiz\u00f6l-Preise<\/h3>\n\n\n\n<p>Melden Sie sich bei unserem neuen Newsletter an und erfahren Sie regelm\u00e4\u00dfig die aktuellen Heiz\u00f6lpreise und Neuigkeiten rund um unser Unternehmen und unsere Produkte.<\/p>\n\n\n<p><div class=\"tnp tnp-subscription\">\n<form method=\"post\" action=\"https:\/\/www.lesch24.de\/web\/?na=s\">\n\n<input type=\"hidden\" name=\"nr\" value=\"page\"><input type=\"hidden\" name=\"nlang\" value=\"\"><div class=\"tnp-field tnp-field-email\"><label for=\"tnp-1\">Email<\/label>\n<input class=\"tnp-email\" type=\"email\" name=\"ne\" id=\"tnp-1\" value=\"\" required><\/div>\n<div class=\"tnp-field tnp-field-button\"><input class=\"tnp-submit\" type=\"submit\" value=\"Abonnieren\" >\n<\/div>\n<\/form>\n<\/div>\n<\/p>","protected":false},"excerpt":{"rendered":"<p>Alle Neuigkeiten rund um unser Unternehmen, unsere Produkte und aktuelle Heiz\u00f6l-Preise Melden Sie sich bei unserem neuen Newsletter an und erfahren Sie regelm\u00e4\u00dfig die aktuellen Heiz\u00f6lpreise und Neuigkeiten rund um unser Unternehmen und unsere Produkte.<\/p>\n","protected":false},"author":1,"featured_media":0,"parent":0,"menu_order":0,"comment_status":"closed","ping_status":"closed","template":"tw-no-title.php","meta":{"footnotes":""},"_links":{"self":[{"href":"https:\/\/www.lesch24.de\/web\/wp-json\/wp\/v2\/pages\/141"}],"collection":[{"href":"https:\/\/www.lesch24.de\/web\/wp-json\/wp\/v2\/pages"}],"about":[{"href":"https:\/\/www.lesch24.de\/web\/wp-json\/wp\/v2\/types\/page"}],"author":[{"embeddable":true,"href":"https:\/\/www.lesch24.de\/web\/wp-json\/wp\/v2\/users\/1"}],"replies":[{"embeddable":true,"href":"https:\/\/www.lesch24.de\/web\/wp-json\/wp\/v2\/comments?post=141"}],"version-history":[{"count":4,"href":"https:\/\/www.lesch24.de\/web\/wp-json\/wp\/v2\/pages\/141\/revisions"}],"predecessor-version":[{"id":1028,"href":"https:\/\/www.lesch24.de\/web\/wp-json\/wp\/v2\/pages\/141\/revisions\/1028"}],"wp:attachment":[{"href":"https:\/\/www.lesch24.de\/web\/wp-json\/wp\/v2\/media?parent=141"}],"curies":[{"name":"wp","href":"https:\/\/api.w.org\/{rel}","templated":true}]}}