{"id":1138,"date":"2024-03-18T14:21:13","date_gmt":"2024-03-18T13:21:13","guid":{"rendered":"https:\/\/www.lesch24.de\/web\/?page_id=1138"},"modified":"2025-11-19T15:21:01","modified_gmt":"2025-11-19T14:21:01","slug":"aktuelles","status":"publish","type":"page","link":"https:\/\/www.lesch24.de\/web\/aktuelles\/","title":{"rendered":"Aktuelles:"},"content":{"rendered":"\n<div class=\"wp-block-cover alignfull is-light\" style=\"min-height:800px;aspect-ratio:unset;\"><span aria-hidden=\"true\" class=\"wp-block-cover__background has-background-dim\" style=\"background-color:#7c8590\"><\/span><img loading=\"lazy\" decoding=\"async\" width=\"1920\" height=\"1080\" class=\"wp-block-cover__image-background wp-image-1185\" alt=\"\" src=\"https:\/\/www.lesch24.de\/web\/wp-content\/uploads\/2024\/04\/WhatsApp-Bild-2024-04-24-um-09.23.07_681ceddb.jpg\" style=\"object-position:49% 85%\" data-object-fit=\"cover\" data-object-position=\"49% 85%\" sizes=\"(max-width: 799px) 200vw,(max-width: 1920px) 100vw,1920px\" srcset=\"https:\/\/www.lesch24.de\/web\/wp-content\/uploads\/2024\/04\/WhatsApp-Bild-2024-04-24-um-09.23.07_681ceddb.jpg 1920w, https:\/\/www.lesch24.de\/web\/wp-content\/uploads\/2024\/04\/WhatsApp-Bild-2024-04-24-um-09.23.07_681ceddb-300x169.jpg 300w, https:\/\/www.lesch24.de\/web\/wp-content\/uploads\/2024\/04\/WhatsApp-Bild-2024-04-24-um-09.23.07_681ceddb-1024x576.jpg 1024w, https:\/\/www.lesch24.de\/web\/wp-content\/uploads\/2024\/04\/WhatsApp-Bild-2024-04-24-um-09.23.07_681ceddb-768x432.jpg 768w, https:\/\/www.lesch24.de\/web\/wp-content\/uploads\/2024\/04\/WhatsApp-Bild-2024-04-24-um-09.23.07_681ceddb-1536x864.jpg 1536w, https:\/\/www.lesch24.de\/web\/wp-content\/uploads\/2024\/04\/WhatsApp-Bild-2024-04-24-um-09.23.07_681ceddb-1568x882.jpg 1568w\" \/><div class=\"wp-block-cover__inner-container is-layout-flow wp-block-cover-is-layout-flow\">\n<h2 class=\"wp-block-heading has-text-align-center\">\u00d6ffnungszeiten ab 01. Nov<\/h2>\n\n\n\n<p>Mo &#8211; Fr: 8.00 bis 17.00 Uhr<\/p>\n\n\n\n<p class=\"has-subtle-color has-text-color has-link-color wp-elements-eb39efb5efcff6d066352ae08733fff8\">Samstag: 8.00 bis 17.00 Uhr<\/p>\n\n\n\n<p><\/p>\n\n\n\n<p style=\"font-size:42px\"><strong><em><mark style=\"background-color:rgba(0, 0, 0, 0)\" class=\"has-inline-color has-yellow-color\"> Betontankstelle <\/mark><\/em><\/strong><\/p>\n\n\n\n<p class=\"has-subtle-color has-text-color has-link-color wp-elements-f6f0e3b9ae0bab579f5c99550ec4582c\" style=\"font-size:30px\">&#8222;<em><mark style=\"background-color:rgba(0, 0, 0, 0);color:#fae39a\" class=\"has-inline-color\"><strong>Auf diesen Beton k\u00f6nnen Sie bauen<\/strong><\/mark><\/em>&#8222;<\/p>\n<\/div><\/div>\n\n\n\n<h2 class=\"wp-block-heading\">B e t o n t a n k s t e l l e<\/h2>\n\n\n\n<ul>\n<li>Frischbeton erdfeucht bis plastisch, direkt zum mitnehmen! <\/li>\n\n\n\n<li>Optimierung der Verarbeitungsdauer einiger Sorten durch Beimischung von Verz\u00f6gerern<\/li>\n\n\n\n<li><strong>Abnahmemengen in praktischen Staffelungen:   <\/strong>\n<ul>\n<li>0,15 cbm | 0,20 cbm | 0,25 cbm | 0,30 cbm | 0,35 cbm| <\/li>\n\n\n\n<li>0,40 cbm | 0,45 cbm | 0,50 cbm | 0,75 cbm | 1,00 cbm <\/li>\n\n\n\n<li>etc.<\/li>\n<\/ul>\n<\/li>\n<\/ul>\n\n\n\n<p>Der Frischbeton f\u00fcr unbewehrte Bauteile (ohne Pr\u00fcfzeugnis) ist ideal f\u00fcr den Garten- und Landschaftsbau oder f\u00fcr die private Anwendung!<\/p>\n\n\n\n<p><strong>Beste Qualit\u00e4t<\/strong> &#8211; Bei allen Rezepturen wird <strong>Rheinkies<\/strong> in versch. K\u00f6rnungen und <strong>Trasszement<\/strong> als Bindemittel verwendet. <br>Trasszement hat den Vorteil, dass er nicht zum ausbl\u00fchen neigt und langsamer abbindet als normaler Zement.      Statt Standard Splittbeton oder g\u00fcnstiger Flusssand wird hier nur Rheinkies verwendet, welcher sich im Bereich Estrichbau wesentlich besser verarbeiten l\u00e4sst und im Sichtbetonbereich eine deutlich sch\u00f6nere Optik ergibt.<\/p>\n\n\n\n<p>Nat\u00fcrlich k\u00f6nnen wir den frischen Beton auch termin- und bedarfsgerecht direkt zu Ihnen nach Hause liefern. Preise f\u00fcr die Lieferung, sowie f\u00fcr den frischen Beton erhalten Sie vor Ort oder in unserem Verkauf unter 06825 2372.<\/p>\n\n\n\n<p>Unsere Fachberater stehen Ihnen auch f\u00fcr weitere Fragen gerne zur Verf\u00fcgung.<\/p>\n","protected":false},"excerpt":{"rendered":"<p>B e t o n t a n k s t e l l e Der Frischbeton f\u00fcr unbewehrte Bauteile (ohne Pr\u00fcfzeugnis) ist ideal f\u00fcr den Garten- und Landschaftsbau oder f\u00fcr die private Anwendung! Beste Qualit\u00e4t &#8211; Bei allen Rezepturen wird Rheinkies in versch. K\u00f6rnungen und Trasszement als Bindemittel verwendet. Trasszement hat den Vorteil, dass&hellip; <a class=\"more-link\" href=\"https:\/\/www.lesch24.de\/web\/aktuelles\/\"><span class=\"screen-reader-text\">Aktuelles:<\/span> weiterlesen<\/a><\/p>\n","protected":false},"author":1,"featured_media":0,"parent":0,"menu_order":0,"comment_status":"closed","ping_status":"closed","template":"","meta":{"footnotes":""},"_links":{"self":[{"href":"https:\/\/www.lesch24.de\/web\/wp-json\/wp\/v2\/pages\/1138"}],"collection":[{"href":"https:\/\/www.lesch24.de\/web\/wp-json\/wp\/v2\/pages"}],"about":[{"href":"https:\/\/www.lesch24.de\/web\/wp-json\/wp\/v2\/types\/page"}],"author":[{"embeddable":true,"href":"https:\/\/www.lesch24.de\/web\/wp-json\/wp\/v2\/users\/1"}],"replies":[{"embeddable":true,"href":"https:\/\/www.lesch24.de\/web\/wp-json\/wp\/v2\/comments?post=1138"}],"version-history":[{"count":21,"href":"https:\/\/www.lesch24.de\/web\/wp-json\/wp\/v2\/pages\/1138\/revisions"}],"predecessor-version":[{"id":1343,"href":"https:\/\/www.lesch24.de\/web\/wp-json\/wp\/v2\/pages\/1138\/revisions\/1343"}],"wp:attachment":[{"href":"https:\/\/www.lesch24.de\/web\/wp-json\/wp\/v2\/media?parent=1138"}],"curies":[{"name":"wp","href":"https:\/\/api.w.org\/{rel}","templated":true}]}}